{"id":2,"date":"2018-02-07T08:39:19","date_gmt":"2018-02-07T08:39:19","guid":{"rendered":"https:\/\/multiversebudokai.net\/?page_id=2"},"modified":"2024-02-18T01:29:28","modified_gmt":"2024-02-17T23:29:28","slug":"inicio","status":"publish","type":"page","link":"https:\/\/multiversebudokai.net\/en\/","title":{"rendered":"Home"},"content":{"rendered":"<p>[et_pb_section fb_built=\"1\" fullwidth=\"on\" _builder_version=\"4.21.0\" _module_preset=\"default\" background_image=\"https:\/\/multiversebudokai.net\/wp-content\/uploads\/2023\/05\/bra_background.png\" height=\"765px\" height_tablet=\"425px\" height_phone=\"285px\" height_last_edited=\"on|desktop\" background_last_edited=\"off|desktop\" global_colors_info=\"{}\"][et_pb_fullwidth_image src=\"https:\/\/multiversebudokai.net\/wp-content\/uploads\/2023\/05\/Logo_MultiverseBudokai2023.png\" title_text=\"Logo_MultiverseBudokai2023\" _builder_version=\"4.21.0\" _module_preset=\"default\" max_width=\"25%\" max_width_tablet=\"35%\" max_width_phone=\"45%\" max_width_last_edited=\"on|phone\" module_alignment=\"center\" custom_padding=\"412px||||false|false\" custom_padding_tablet=\"265px||||false|false\" custom_padding_phone=\"175px||||false|false\" custom_padding_last_edited=\"on|phone\" animation_style=\"fade\" global_colors_info=\"{}\"][\/et_pb_fullwidth_image][\/et_pb_section][et_pb_section fb_built=\"1\" admin_label=\"section\" _builder_version=\"4.21.0\" background_color=\"#FFFFFF\" background_enable_image=\"off\" custom_margin=\"0px||0px||false|false\" custom_padding=\"30px|0px|30px|0px|false|false\" scroll_vertical_motion=\"50|50|50|100|4|0|-4\" global_colors_info=\"{}\"][et_pb_row column_structure=\"1_3,1_3,1_3\" use_custom_gutter=\"on\" gutter_width=\"1\" disabled_on=\"on|off|off\" _builder_version=\"4.21.0\" background_enable_image=\"off\" parallax=\"on\" width=\"90%\" max_width=\"2560px\" module_alignment=\"center\" custom_margin=\"5px||220px||false|false\" custom_margin_tablet=\"50px||205px||false|false\" custom_margin_phone=\"50px||205px||false|false\" custom_margin_last_edited=\"on|tablet\" custom_padding=\"0px||0px||false|false\" animation_style=\"fade\" background_last_edited=\"on|desktop\" global_colors_info=\"{}\" custom_css_main_element_last_edited=\"on|tablet\" custom_css_main_element_tablet=\"display: flex;||justify-content: center;||align-items: center;\" custom_css_main_element_phone=\"display: flex;||justify-content: center;||align-items: center;\"][et_pb_column type=\"1_3\" _builder_version=\"4.21.0\" custom_padding_tablet=\"||||false|false\" custom_padding_phone=\"||||false|false\" custom_padding_last_edited=\"on|tablet\" global_colors_info=\"{}\"][et_pb_circle_counter title=\"Biblia\" number=\"24,92%\" bar_bg_color=\"#000000\" circle_color=\"RGBA(255,255,255,0)\" _builder_version=\"4.22.1\" _module_preset=\"default\" title_font=\"Century Gothic Paneuropean Regular|500||on|||||\" title_text_align=\"center\" title_text_color=\"#000000\" title_font_size=\"40px\" number_font=\"Century Gothic Paneuropean Regular|500|||||||\" number_text_color=\"#000000\" number_font_size=\"45px\" background_color=\"rgba(0,0,0,0.61)\" background_enable_color=\"off\" background_enable_image=\"off\" width=\"100%\" max_width=\"200px\" module_alignment=\"center\" custom_margin=\"3vw|10px|0px|10px|false|false\" custom_padding=\"|0px||0px|false|false\" animation_style=\"fade\" custom_css_circle_counter_title=\"display: flex;||margin-top: -182px;||justify-content: center;||align-self: center;\" global_colors_info=\"{}\"][\/et_pb_circle_counter][\/et_pb_column][et_pb_column type=\"1_3\" _builder_version=\"4.21.0\" custom_padding_tablet=\"||||false|false\" custom_padding_phone=\"||||false|false\" custom_padding_last_edited=\"on|tablet\" global_colors_info=\"{}\"][et_pb_circle_counter title=\"Animaci\u00f3n\" number=\"72,21%\" bar_bg_color=\"#000000\" circle_color=\"RGBA(255,255,255,0)\" _builder_version=\"4.22.1\" _module_preset=\"default\" title_font=\"Century Gothic Paneuropean Regular|500||on|||||\" title_text_align=\"center\" title_text_color=\"#000000\" title_font_size=\"40px\" number_font=\"Century Gothic Paneuropean Regular|500|||||||\" number_text_color=\"#000000\" number_font_size=\"45px\" background_color=\"rgba(0,0,0,0.61)\" background_enable_color=\"off\" background_enable_image=\"off\" width=\"100%\" max_width=\"200px\" module_alignment=\"center\" custom_margin=\"3vw|10px|0px|10px|false|false\" custom_padding=\"|0px||0px|false|false\" animation_style=\"fade\" custom_css_circle_counter_title=\"display: flex;||margin-top: -182px;||justify-content: center;||align-self: center;\" global_colors_info=\"{}\"][\/et_pb_circle_counter][\/et_pb_column][et_pb_column type=\"1_3\" _builder_version=\"4.21.0\" custom_padding_tablet=\"||||false|false\" custom_padding_phone=\"||||false|false\" custom_padding_last_edited=\"on|tablet\" global_colors_info=\"{}\"][et_pb_circle_counter title=\"Edici\u00f3n\" number=\"48,56%\" bar_bg_color=\"#000000\" circle_color=\"RGBA(255,255,255,0)\" _builder_version=\"4.22.1\" _module_preset=\"default\" title_font=\"Century Gothic Paneuropean Regular|500||on|||||\" title_text_align=\"center\" title_text_color=\"#000000\" title_font_size=\"40px\" number_font=\"Century Gothic Paneuropean Regular|500|||||||\" number_text_color=\"#000000\" number_font_size=\"45px\" background_color=\"rgba(0,0,0,0.61)\" background_enable_color=\"off\" background_enable_image=\"off\" width=\"100%\" max_width=\"200px\" module_alignment=\"center\" custom_margin=\"3vw|10px|0px|10px|false|false\" custom_padding=\"|0px||0px|false|false\" animation_style=\"fade\" custom_css_circle_counter_title=\"display: flex;||margin-top: -182px;||justify-content: center;||align-self: center;\" global_colors_info=\"{}\"][\/et_pb_circle_counter][\/et_pb_column][\/et_pb_row][et_pb_row column_structure=\"1_3,1_3,1_3\" use_custom_gutter=\"on\" gutter_width=\"2\" module_class=\"fila_inicio\" _builder_version=\"4.21.0\" width=\"90%\" max_width=\"2560px\" module_alignment=\"center\" custom_margin=\"||||false|false\" custom_padding=\"30px||50px||false|false\" global_colors_info=\"{}\"][et_pb_column type=\"1_3\" _builder_version=\"4.16\" custom_padding=\"||||false|false\" custom_padding_last_edited=\"off|desktop\" global_colors_info=\"{}\"][et_pb_image src=\"https:\/\/multiversebudokai.net\/wp-content\/uploads\/2020\/09\/Namekianos.jpg\" title_text=\"Namekianos\" url=\"https:\/\/multiversebudokai.net\/el-equipo\/\" align=\"center\" force_fullwidth=\"on\" module_class=\"imagen\" _builder_version=\"4.21.0\" custom_padding=\"|0px||||\" box_shadow_style=\"preset1\" global_colors_info=\"{}\"][\/et_pb_image][et_pb_text _builder_version=\"4.21.0\" text_font=\"Century Gothic Paneuropean Regular|500||on|||||\" text_text_color=\"#000000\" text_font_size=\"40px\" header_font=\"||||||||\" text_orientation=\"center\" custom_margin=\"||||false|false\" link_option_url=\"https:\/\/multiversebudokai.net\/el-equipo\/\" global_colors_info=\"{}\"]<\/p>\n<p>Equipo<\/p>\n<p>[\/et_pb_text][\/et_pb_column][et_pb_column type=\"1_3\" _builder_version=\"4.16\" global_colors_info=\"{}\"][et_pb_video src=\"https:\/\/www.youtube.com\/watch?v=GqeyXQUpbfE\" module_class=\"imagen\" _builder_version=\"4.21.0\" _module_preset=\"default\" box_shadow_style=\"preset1\" global_colors_info=\"{}\"][\/et_pb_video][et_pb_text _builder_version=\"4.21.0\" text_font=\"Century Gothic Paneuropean Regular|500||on|||||\" text_text_color=\"#000000\" text_font_size=\"40px\" header_font=\"||||||||\" text_orientation=\"center\" custom_margin=\"||||false|false\" link_option_url=\"https:\/\/multiversebudokai.net\/animatica\/\" global_colors_info=\"{}\"]<\/p>\n<p>Teaser<\/p>\n<p>[\/et_pb_text][\/et_pb_column][et_pb_column type=\"1_3\" _builder_version=\"4.16\" global_colors_info=\"{}\"][et_pb_image src=\"https:\/\/multiversebudokai.net\/wp-content\/uploads\/2020\/09\/Aura-color3-1.jpg\" title_text=\"Compressed by jpeg-recompress\" url=\"https:\/\/multiversebudokai.net\/wips\/\" align=\"center\" force_fullwidth=\"on\" module_class=\"imagen\" _builder_version=\"4.24.1\" hover_enabled=\"0\" box_shadow_style=\"preset1\" global_colors_info=\"{}\" sticky_enabled=\"0\"][\/et_pb_image][et_pb_text _builder_version=\"4.21.0\" text_font=\"Century Gothic Paneuropean Regular|500|||||||\" text_text_color=\"#000000\" text_font_size=\"40px\" header_font=\"||||||||\" text_orientation=\"center\" custom_margin=\"||||false|false\" link_option_url=\"https:\/\/multiversebudokai.net\/pruebas-de-linea\/\" global_colors_info=\"{}\"]<\/p>\n<p>WIPs<\/p>\n<p>[\/et_pb_text][\/et_pb_column][\/et_pb_row][et_pb_row _builder_version=\"4.21.0\" _module_preset=\"default\" global_colors_info=\"{}\"][et_pb_column type=\"4_4\" _builder_version=\"4.21.0\" _module_preset=\"default\" global_colors_info=\"{}\"][et_pb_code _builder_version=\"4.21.0\" _module_preset=\"default\" global_colors_info=\"{}\"]<\/p>\n<style><!-- [et_pb_line_break_holder] -->  .fila_inicio .imagen {<!-- [et_pb_line_break_holder] -->    transition: all .5s ease-in-out;<!-- [et_pb_line_break_holder] -->  }<!-- [et_pb_line_break_holder] -->  <!-- [et_pb_line_break_holder] -->  .fila_inicio .imagen:hover {<!-- [et_pb_line_break_holder] -->    transform: scale(1.05);<!-- [et_pb_line_break_holder] -->    transition: all .5s ease-in-out;<!-- [et_pb_line_break_holder] -->  }<!-- [et_pb_line_break_holder] --><\/style>\n<p>[\/et_pb_code][\/et_pb_column][\/et_pb_row][\/et_pb_section]<\/p>\n","protected":false},"excerpt":{"rendered":"<p>EquipoTeaserWIPs<\/p>","protected":false},"author":1,"featured_media":0,"parent":0,"menu_order":0,"comment_status":"closed","ping_status":"closed","template":"","meta":{"_et_pb_use_builder":"on","_et_pb_old_content":"[et_social_share_media][\/et_social_share_media]\n\nEsta es una p\u00e1gina de ejemplo, Es diferente a una entrada de un blog porque se mantiene est\u00e1tica y se mostrar\u00e1 en la barra de navegaci\u00f3n (en la mayor\u00eda de temas). Casi todo el mundo comienza con una p\u00e1gina Sobre m\u00ed para presentarse a los potenciales visitantes. Podr\u00eda ser algo as\u00ed:\n<blockquote>\u00a1Hola!: Soy mensajero por el d\u00eda, aspirante a actor por la noche y esta es mi web. Vivo en Madrid, tengo perrazo llamado Juan y me encantan las pi\u00f1as coladas (y que me pille un chaparr\u00f3n)<\/blockquote>\n\u2026 o algo as\u00ed:\n<blockquote>La empresa Calcetines XYZ se fund\u00f3 en 1971, y ha estado produciendo calcetines de calidad para sus clientes desde entonces. Ubicada en Gothan, la empresa XYZ tiene m\u00e1s de 2.000 empleados e intenta ayudar en lo que puede para mejorar la vida en Gothan<\/blockquote>\nSi eres nuevo en WordPress deber\u00edas ir a <a href=\"https:\/\/multiversebudokai.net\/wp-admin\/\">tu escritorio<\/a> para borrar esta p\u00e1gina y crear algunas nuevas con tu contenido. \u00a1P\u00e1salo bien!","_et_gb_content_width":"","footnotes":""},"class_list":["post-2","page","type-page","status-publish","hentry"],"_links":{"self":[{"href":"https:\/\/multiversebudokai.net\/en\/wp-json\/wp\/v2\/pages\/2","targetHints":{"allow":["GET"]}}],"collection":[{"href":"https:\/\/multiversebudokai.net\/en\/wp-json\/wp\/v2\/pages"}],"about":[{"href":"https:\/\/multiversebudokai.net\/en\/wp-json\/wp\/v2\/types\/page"}],"author":[{"embeddable":true,"href":"https:\/\/multiversebudokai.net\/en\/wp-json\/wp\/v2\/users\/1"}],"replies":[{"embeddable":true,"href":"https:\/\/multiversebudokai.net\/en\/wp-json\/wp\/v2\/comments?post=2"}],"version-history":[{"count":206,"href":"https:\/\/multiversebudokai.net\/en\/wp-json\/wp\/v2\/pages\/2\/revisions"}],"predecessor-version":[{"id":2302,"href":"https:\/\/multiversebudokai.net\/en\/wp-json\/wp\/v2\/pages\/2\/revisions\/2302"}],"wp:attachment":[{"href":"https:\/\/multiversebudokai.net\/en\/wp-json\/wp\/v2\/media?parent=2"}],"curies":[{"name":"wp","href":"https:\/\/api.w.org\/{rel}","templated":true}]}}