{"id":246,"date":"2020-05-24T14:18:17","date_gmt":"2020-05-24T12:18:17","guid":{"rendered":"https:\/\/multiversebudokai.net\/?page_id=246"},"modified":"2023-09-08T22:11:41","modified_gmt":"2023-09-08T20:11:41","slug":"multiverse-budokai-2","status":"publish","type":"page","link":"https:\/\/multiversebudokai.net\/en\/multiverse-budokai-2\/","title":{"rendered":"Multiverse Budokai"},"content":{"rendered":"<p>[et_pb_section fb_built=\"1\" _builder_version=\"4.21.0\" _module_preset=\"default\" background_color=\"#FFFFFF\" background_enable_image=\"off\" global_colors_info=\"{}\" theme_builder_area=\"post_content\"][et_pb_row _builder_version=\"4.16\" _module_preset=\"default\" custom_margin=\"0px||0px||false|false\" custom_padding=\"0px||0px||false|false\" global_colors_info=\"{}\" theme_builder_area=\"post_content\"][et_pb_column type=\"4_4\" _builder_version=\"4.16\" _module_preset=\"default\" global_colors_info=\"{}\" theme_builder_area=\"post_content\"][et_pb_image src=\"https:\/\/multiversebudokai.net\/wp-content\/uploads\/2023\/06\/Logo_MultiverseBudokai2023_Blanco.png\" title_text=\"Logo_MultiverseBudokai2023_Blanco\" _builder_version=\"4.21.0\" _module_preset=\"default\" width=\"90%\" width_tablet=\"90%\" width_phone=\"80%\" width_last_edited=\"on|phone\" module_alignment=\"center\" custom_margin=\"0px||0px||false|false\" custom_padding=\"0px||0px||false|false\" global_colors_info=\"{}\" theme_builder_area=\"post_content\"][\/et_pb_image][\/et_pb_column][\/et_pb_row][et_pb_row custom_padding_last_edited=\"on|phone\" _builder_version=\"4.16\" background_enable_image=\"off\" width=\"100%\" max_width=\"2560px\" custom_margin=\"0px||||false|false\" custom_padding=\"30px||30px||true|false\" custom_padding_tablet=\"|62px||62px|true|true\" custom_padding_phone=\"|62px||62px|true|true\" global_colors_info=\"{}\" theme_builder_area=\"post_content\"][et_pb_column type=\"4_4\" _builder_version=\"4.16\" global_colors_info=\"{}\" theme_builder_area=\"post_content\"][et_pb_text _builder_version=\"4.21.0\" _module_preset=\"default\" text_font=\"Century Gothic Paneuropean Regular|500|||||||\" text_text_color=\"#000000\" text_font_size=\"24px\" text_line_height=\"1.2em\" text_orientation=\"justified\" width=\"70%\" module_alignment=\"center\" text_font_size_tablet=\"24px\" text_font_size_phone=\"15px\" text_font_size_last_edited=\"on|phone\" global_colors_info=\"{}\" theme_builder_area=\"post_content\"]<\/p>\n<p><strong>Multiverse Budokai<\/strong>\u00a0se inici\u00f3 en Enero de 2016 en Barcelona (Espa\u00f1a) y actualmente est\u00e1 formado por miembros de distintas partes del mundo, la mayor\u00eda de habla hispana. Todos somos fans de la famosa serie de Akira, y entre ellos hay ilustradores, animadores, coloristas, editores de video, t\u00e9cnicos de sonido y de efectos especiales...<\/p>\n<p>Muchos de nuestros artistas son amateurs, pero tambi\u00e9n contamos con profesionales. Ellos son los l\u00edderes del proyecto. Su tarea es orientar al resto de miembros del equipo.<\/p>\n<p>[\/et_pb_text][\/et_pb_column][\/et_pb_row][et_pb_row column_structure=\"1_2,1_2\" _builder_version=\"4.16\" background_enable_image=\"off\" width=\"70%\" max_width=\"2560px\" module_alignment=\"center\" custom_margin=\"0px||0px||false|false\" custom_padding=\"30px||0px||false|false\" global_colors_info=\"{}\" theme_builder_area=\"post_content\"][et_pb_column type=\"1_2\" _builder_version=\"4.16\" global_colors_info=\"{}\" theme_builder_area=\"post_content\"][et_pb_blurb title=\"OBJETIVO\" use_icon=\"on\" font_icon=\"&#xe0f5;||divi||400\" icon_color=\"#000000\" image_icon_width=\"200px\" image_icon_width_tablet=\"200px\" image_icon_width_phone=\"150px\" image_icon_width_last_edited=\"on|phone\" _builder_version=\"4.21.0\" header_font=\"Century Gothic Paneuropean Regular|700|||||||\" header_text_align=\"center\" header_text_color=\"#000000\" header_font_size=\"36px\" body_font=\"Century Gothic Paneuropean Regular|500|||||||\" body_text_color=\"#000000\" body_font_size=\"24px\" body_line_height=\"1.2em\" text_orientation=\"justified\" background_layout=\"dark\" custom_padding=\"|0px||||\" header_font_size_tablet=\"36px\" header_font_size_phone=\"30px\" header_font_size_last_edited=\"on|phone\" body_font_size_tablet=\"24px\" body_font_size_phone=\"15px\" body_font_size_last_edited=\"on|phone\" icon_font_size=\"120px\" global_colors_info=\"{}\" theme_builder_area=\"post_content\"]<\/p>\n<p>El objetivo principal de <strong>Multiverse Budokai<\/strong> es el de animar un opening de casi dos minutos para el c\u00f3mic original de Salagir<\/p>\n<p>Nosotros somos fans de DBZ, por lo tanto procuraremos igualar la calidad de animaci\u00f3n y dibujo de dicha serie. De todos modos tenemos objetivos para futuros acontecimientos, pero por el momento preferimos centrarnos solamente en este opening para mejorar nuestro rendimiento.<\/p>\n<p>[\/et_pb_blurb][\/et_pb_column][et_pb_column type=\"1_2\" _builder_version=\"4.16\" _module_preset=\"default\" global_colors_info=\"{}\" theme_builder_area=\"post_content\"][et_pb_blurb title=\"FILOSOFIA\" use_icon=\"on\" font_icon=\"&#xe089;||divi||400\" icon_color=\"#000000\" image_icon_width=\"200px\" image_icon_width_tablet=\"200px\" image_icon_width_phone=\"150px\" image_icon_width_last_edited=\"on|phone\" _builder_version=\"4.21.0\" header_font=\"Century Gothic Paneuropean Regular|700|||||||\" header_text_align=\"center\" header_text_color=\"#000000\" header_font_size=\"36px\" body_font=\"Century Gothic Paneuropean Regular|500|||||||\" body_text_color=\"#000000\" body_font_size=\"24px\" body_line_height=\"1.2em\" text_orientation=\"justified\" background_layout=\"dark\" custom_padding=\"|0px||||\" header_font_size_tablet=\"36px\" header_font_size_phone=\"30px\" header_font_size_last_edited=\"on|phone\" body_font_size_tablet=\"24px\" body_font_size_phone=\"15px\" body_font_size_last_edited=\"on|phone\" icon_font_size=\"120px\" global_colors_info=\"{}\" theme_builder_area=\"post_content\"]<\/p>\n<p><strong>Multiverse Budokai<\/strong> es un proyecto hecho por fans y para fans, por lo tanto nuestra filosof\u00eda es muy clara. Queremos lograr una animaci\u00f3n de calidad siguiendo fielmente el dise\u00f1o e historia de DB Multiverse.<\/p>\n<p>Cabe destacar que intentaremos emular, en nuestras animaciones, los estilos originales de DBZ y Multiverse. Esperamos lograr un producto que sea satisfactorio para la mayor\u00eda de los fans.<\/p>\n<p>Creemos tambi\u00e9n que es importante dar una oportunidad a todos aquellos que quieran mejorar su nivel de dibujo. Todos pueden ayudar tanto en tareas art\u00edsticas como en las que no lo son, ya que hay m\u00e1s trabajo del que pudiera parecer a simple vista. El que est\u00e9 dispuesto a ayudarnos a nivel art\u00edstico o a nivel administrativo puede rellenar el formulario para <a href=\"https:\/\/multiversebudokai.net\/trabaja-con-nosotros\/\" title=\"\u00danete al Equipo\">unirse a nuestro equipo<\/a>.<\/p>\n<p>[\/et_pb_blurb][\/et_pb_column][\/et_pb_row][\/et_pb_section]<\/p>\n","protected":false},"excerpt":{"rendered":"<p>Multiverse Budokai\u00a0se inici\u00f3 en Enero de 2016 en Barcelona (Espa\u00f1a) y actualmente est\u00e1 formado por miembros de distintas partes del mundo, la mayor\u00eda de habla hispana. Todos somos fans de la famosa serie de Akira, y entre ellos hay ilustradores, animadores, coloristas, editores de video, t\u00e9cnicos de sonido y de efectos especiales&#8230; Muchos de nuestros [&hellip;]<\/p>\n","protected":false},"author":3,"featured_media":0,"parent":0,"menu_order":0,"comment_status":"closed","ping_status":"closed","template":"","meta":{"_et_pb_use_builder":"on","_et_pb_old_content":"","_et_gb_content_width":"","footnotes":""},"class_list":["post-246","page","type-page","status-publish","hentry"],"_links":{"self":[{"href":"https:\/\/multiversebudokai.net\/en\/wp-json\/wp\/v2\/pages\/246","targetHints":{"allow":["GET"]}}],"collection":[{"href":"https:\/\/multiversebudokai.net\/en\/wp-json\/wp\/v2\/pages"}],"about":[{"href":"https:\/\/multiversebudokai.net\/en\/wp-json\/wp\/v2\/types\/page"}],"author":[{"embeddable":true,"href":"https:\/\/multiversebudokai.net\/en\/wp-json\/wp\/v2\/users\/3"}],"replies":[{"embeddable":true,"href":"https:\/\/multiversebudokai.net\/en\/wp-json\/wp\/v2\/comments?post=246"}],"version-history":[{"count":27,"href":"https:\/\/multiversebudokai.net\/en\/wp-json\/wp\/v2\/pages\/246\/revisions"}],"predecessor-version":[{"id":2233,"href":"https:\/\/multiversebudokai.net\/en\/wp-json\/wp\/v2\/pages\/246\/revisions\/2233"}],"wp:attachment":[{"href":"https:\/\/multiversebudokai.net\/en\/wp-json\/wp\/v2\/media?parent=246"}],"curies":[{"name":"wp","href":"https:\/\/api.w.org\/{rel}","templated":true}]}}