{"id":259,"date":"2020-05-24T14:34:39","date_gmt":"2020-05-24T14:34:39","guid":{"rendered":"https:\/\/multiversebudokai.net\/?page_id=259"},"modified":"2023-09-08T22:09:21","modified_gmt":"2023-09-08T20:09:21","slug":"donaciones","status":"publish","type":"page","link":"https:\/\/multiversebudokai.net\/en\/donaciones\/","title":{"rendered":"Donations"},"content":{"rendered":"<p>[et_pb_section fb_built=\"1\" admin_label=\"section\" _builder_version=\"4.21.0\" background_color=\"#FFFFFF\" background_enable_image=\"off\" custom_margin=\"||||false|false\" custom_padding=\"0px|0px|30px|0px|false|false\" scroll_vertical_motion=\"50|50|50|100|4|0|-4\" global_colors_info=\"{}\" theme_builder_area=\"post_content\"][et_pb_row admin_label=\"row\" _builder_version=\"4.16\" background_enable_color=\"off\" background_enable_image=\"off\" background_size=\"initial\" background_position=\"top_center\" width=\"100%\" max_width=\"1919px\" module_alignment=\"center\" custom_margin=\"0px||||false|false\" custom_padding=\"0px|0px|0px|0px|false|false\" global_colors_info=\"{}\" theme_builder_area=\"post_content\"][et_pb_column type=\"4_4\" _builder_version=\"4.16\" custom_padding=\"|||\" global_colors_info=\"{}\" custom_padding__hover=\"|||\" theme_builder_area=\"post_content\"][et_pb_image src=\"https:\/\/multiversebudokai.net\/wp-content\/uploads\/2023\/05\/Logo_Fanimotion2022_BN.png\" alt=\"Dragon Ball Multiverse Animated - INICIO\" title_text=\"Logo_Fanimotion2022_BN\" align=\"center\" align_tablet=\"center\" align_phone=\"\" align_last_edited=\"on|phone\" disabled_on=\"off|off|off\" _builder_version=\"4.21.0\" background_enable_image=\"off\" positioning=\"relative\" z_index=\"0\" width_tablet=\"\" width_phone=\"100%\" width_last_edited=\"on|desktop\" max_width=\"25%\" custom_margin=\"62px||||false|false\" custom_margin_tablet=\"32px||||false|false\" custom_margin_phone=\"16px||||false|false\" custom_margin_last_edited=\"on|phone\" custom_padding=\"||0px|||\" scroll_vertical_motion=\"10|30|30|100|4|0|-4\" motion_trigger_start=\"bottom\" scroll_vertical_motion_tablet=\"\" scroll_vertical_motion_phone=\"\" scroll_vertical_motion_last_edited=\"on|desktop\" global_colors_info=\"{}\" theme_builder_area=\"post_content\"][\/et_pb_image][et_pb_image src=\"https:\/\/multiversebudokai.net\/wp-content\/uploads\/2023\/05\/Logo_MultiverseBudokai2023_NoKanji_Blanco.png\" alt=\"Dragon Ball Multiverse Animated - INICIO\" title_text=\"Logo_MultiverseBudokai2023_NoKanji_Blanco\" align=\"center\" align_tablet=\"center\" align_phone=\"\" align_last_edited=\"on|phone\" disabled_on=\"off|off|off\" _builder_version=\"4.21.0\" background_enable_image=\"off\" positioning=\"relative\" z_index=\"0\" width_tablet=\"\" width_phone=\"100%\" width_last_edited=\"on|desktop\" max_width=\"45%\" custom_margin=\"-65px||||false|false\" custom_margin_tablet=\"-36px||||false|false\" custom_margin_phone=\"-32px||||false|false\" custom_margin_last_edited=\"on|phone\" custom_padding=\"||0px|||\" scroll_vertical_motion=\"10|30|30|100|4|0|-4\" motion_trigger_start=\"bottom\" scroll_vertical_motion_tablet=\"\" scroll_vertical_motion_phone=\"\" scroll_vertical_motion_last_edited=\"on|desktop\" global_colors_info=\"{}\" theme_builder_area=\"post_content\"][\/et_pb_image][\/et_pb_column][\/et_pb_row][et_pb_row _builder_version=\"4.16\" background_enable_color=\"off\" background_enable_image=\"off\" width=\"100%\" max_width=\"2560px\" custom_margin=\"0px||||false|false\" custom_padding=\"50px||50px||true|false\" global_colors_info=\"{}\" theme_builder_area=\"post_content\"][et_pb_column type=\"4_4\" _builder_version=\"4.16\" global_colors_info=\"{}\" theme_builder_area=\"post_content\"][et_pb_text _builder_version=\"4.21.0\" _module_preset=\"default\" text_font=\"Century Gothic Paneuropean Regular||||||||\" text_text_color=\"#000000\" text_font_size=\"36px\" text_line_height=\"1.1em\" text_orientation=\"center\" width=\"70%\" module_alignment=\"center\" custom_margin=\"|||||false\" custom_margin_tablet=\"||||false|false\" custom_margin_phone=\"-25px||-25px||false|false\" custom_margin_last_edited=\"on|phone\" custom_padding=\"|35px||35px|false|true\" text_font_size_tablet=\"25px\" text_font_size_phone=\"18px\" text_font_size_last_edited=\"on|phone\" global_colors_info=\"{}\" theme_builder_area=\"post_content\"]<strong>Multiverse Budokai<\/strong> se produce a trav\u00e9s de una <em>asociaci\u00f3n sin \u00e1nimo de lucro<\/em> llamada <strong>Fanimotion<\/strong>. para poder pagar a nuestros animadores y asegurar el \u00e9xito del proyecto necesitamos de tu colaboraci\u00f3n<\/p>\n<p>Toda donaci\u00f3n, por peque\u00f1a que sea, es de gran ayuda, \u00a1y nos motiva para continuar![\/et_pb_text][\/et_pb_column][\/et_pb_row][et_pb_row column_structure=\"1_2,1_2\" use_custom_gutter=\"on\" make_equal=\"on\" _builder_version=\"4.21.0\" background_enable_image=\"off\" width=\"60%\" max_width=\"2560px\" module_alignment=\"center\" custom_margin=\"||||false|false\" global_colors_info=\"{}\" theme_builder_area=\"post_content\"][et_pb_column type=\"1_2\" _builder_version=\"4.21.0\" custom_css_main_element=\"margin: auto;\" global_colors_info=\"{}\" theme_builder_area=\"post_content\"][et_pb_image src=\"https:\/\/multiversebudokai.net\/wp-content\/uploads\/2023\/05\/brand_patreon_icon_157845.png\" title_text=\"brand_patreon_icon_157845\" url=\"https:\/\/www.patreon.com\/animaster3000\" url_new_window=\"on\" align=\"center\" _builder_version=\"4.21.0\" _module_preset=\"default\" width=\"55%\" width_tablet=\"50%\" width_phone=\"45%\" width_last_edited=\"on|phone\" global_colors_info=\"{}\" src__hover_enabled=\"on|hover\" src__hover=\"\" theme_builder_area=\"post_content\"][\/et_pb_image][et_pb_text _builder_version=\"4.21.0\" _module_preset=\"default\" text_font=\"Century Gothic Paneuropean Regular|600||on|||||\" text_text_color=\"#000000\" text_font_size=\"36px\" text_line_height=\"1.1em\" text_orientation=\"center\" width=\"70%\" module_alignment=\"center\" text_font_size_tablet=\"25px\" text_font_size_phone=\"18px\" text_font_size_last_edited=\"on|desktop\" global_colors_info=\"{}\" theme_builder_area=\"post_content\"]<\/p>\n<p><span>Patreon<\/span><\/p>\n<p>[\/et_pb_text][\/et_pb_column][et_pb_column type=\"1_2\" _builder_version=\"4.16\" _module_preset=\"default\" custom_css_main_element=\"margin: auto;\" global_colors_info=\"{}\" theme_builder_area=\"post_content\"][et_pb_image src=\"https:\/\/multiversebudokai.net\/wp-content\/uploads\/2023\/05\/Font_Awesome_5_brands_paypal.png\" title_text=\"Font_Awesome_5_brands_paypal\" url_new_window=\"on\" align=\"center\" _builder_version=\"4.22.1\" _module_preset=\"default\" width=\"40%\" width_tablet=\"50%\" width_phone=\"40%\" width_last_edited=\"on|phone\" custom_margin=\"0px||52px||false|false\" custom_margin_tablet=\"60px||||false|false\" custom_margin_phone=\"60px||||false|false\" custom_margin_last_edited=\"on|tablet\" hover_enabled=\"0\" global_colors_info=\"{}\" theme_builder_area=\"post_content\" sticky_enabled=\"0\"][\/et_pb_image][et_pb_text _builder_version=\"4.21.0\" _module_preset=\"default\" text_font=\"Century Gothic Paneuropean Regular|600||on|||||\" text_text_color=\"#000000\" text_font_size=\"36px\" text_line_height=\"1.1em\" text_orientation=\"center\" width=\"70%\" module_alignment=\"center\" text_font_size_tablet=\"25px\" text_font_size_phone=\"18px\" text_font_size_last_edited=\"on|phone\" global_colors_info=\"{}\" theme_builder_area=\"post_content\"]<\/p>\n<p><span>PayPal<\/span><\/p>\n<p>[\/et_pb_text][\/et_pb_column][\/et_pb_row][\/et_pb_section]<\/p>\n","protected":false},"excerpt":{"rendered":"<p>Multiverse Budokai se produce a trav\u00e9s de una asociaci\u00f3n sin \u00e1nimo de lucro llamada Fanimotion. para poder pagar a nuestros animadores y asegurar el \u00e9xito del proyecto necesitamos de tu colaboraci\u00f3n Toda donaci\u00f3n, por peque\u00f1a que sea, es de gran ayuda, \u00a1y nos motiva para continuar!PatreonPayPal<\/p>","protected":false},"author":3,"featured_media":0,"parent":0,"menu_order":0,"comment_status":"closed","ping_status":"closed","template":"","meta":{"_et_pb_use_builder":"on","_et_pb_old_content":"","_et_gb_content_width":"","footnotes":""},"class_list":["post-259","page","type-page","status-publish","hentry"],"_links":{"self":[{"href":"https:\/\/multiversebudokai.net\/en\/wp-json\/wp\/v2\/pages\/259","targetHints":{"allow":["GET"]}}],"collection":[{"href":"https:\/\/multiversebudokai.net\/en\/wp-json\/wp\/v2\/pages"}],"about":[{"href":"https:\/\/multiversebudokai.net\/en\/wp-json\/wp\/v2\/types\/page"}],"author":[{"embeddable":true,"href":"https:\/\/multiversebudokai.net\/en\/wp-json\/wp\/v2\/users\/3"}],"replies":[{"embeddable":true,"href":"https:\/\/multiversebudokai.net\/en\/wp-json\/wp\/v2\/comments?post=259"}],"version-history":[{"count":25,"href":"https:\/\/multiversebudokai.net\/en\/wp-json\/wp\/v2\/pages\/259\/revisions"}],"predecessor-version":[{"id":2230,"href":"https:\/\/multiversebudokai.net\/en\/wp-json\/wp\/v2\/pages\/259\/revisions\/2230"}],"wp:attachment":[{"href":"https:\/\/multiversebudokai.net\/en\/wp-json\/wp\/v2\/media?parent=259"}],"curies":[{"name":"wp","href":"https:\/\/api.w.org\/{rel}","templated":true}]}}