{"id":745,"date":"2020-07-30T18:03:12","date_gmt":"2020-07-30T18:03:12","guid":{"rendered":"https:\/\/multiversebudokai.net\/?page_id=745"},"modified":"2023-09-08T22:11:02","modified_gmt":"2023-09-08T20:11:02","slug":"faqs","status":"publish","type":"page","link":"https:\/\/multiversebudokai.net\/en\/faqs\/","title":{"rendered":"FAQs"},"content":{"rendered":"<p>[et_pb_section fb_built=\"1\" fullwidth=\"on\" _builder_version=\"4.21.0\" _module_preset=\"default\" background_image=\"https:\/\/multiversebudokai.net\/wp-content\/uploads\/2023\/07\/Miniatura_dbm_cap3_HD.png\" background_position=\"bottom_center\" background_vertical_offset=\"10%\" height=\"765px\" height_tablet=\"345px\" height_phone=\"235px\" height_last_edited=\"on|phone\" global_colors_info=\"{}\" theme_builder_area=\"post_content\"][\/et_pb_section][et_pb_section fb_built=\"1\" _builder_version=\"4.21.0\" _module_preset=\"default\" background_color=\"#FFFFFF\" background_enable_image=\"off\" global_colors_info=\"{}\" theme_builder_area=\"post_content\"][et_pb_row _builder_version=\"4.16\" _module_preset=\"default\" global_colors_info=\"{}\" theme_builder_area=\"post_content\"][et_pb_column type=\"4_4\" _builder_version=\"4.16\" _module_preset=\"default\" global_colors_info=\"{}\" theme_builder_area=\"post_content\"][et_pb_accordion db_closeable=\"on\" db_initial_state=\"all_closed\" open_toggle_text_color=\"#e3c321\" open_toggle_background_color=\"rgba(0,0,0,0)\" closed_toggle_text_color=\"#f7f7f7\" closed_toggle_background_color=\"rgba(0,0,0,0)\" icon_color=\"#f7f7f7\" use_icon_font_size=\"on\" icon_font_size=\"20px\" _builder_version=\"4.21.0\" _module_preset=\"default\" toggle_text_color=\"#f7f7f7\" toggle_font=\"|700||on|||||\" toggle_text_align=\"center\" toggle_font_size=\"25px\" closed_toggle_text_align=\"center\" closed_toggle_font_size=\"25px\" body_font=\"|600|||||||\" body_text_align=\"center\" body_text_color=\"#f7f7f7\" body_font_size=\"16px\" text_orientation=\"center\" width=\"100%\" module_alignment=\"center\" custom_margin=\"0px||0px||false|false\" custom_padding=\"0px||0px||false|false\" border_width_all=\"0px\" border_color_all=\"rgba(247,247,247,0.4)\" global_colors_info=\"{}\" theme_builder_area=\"post_content\"][et_pb_accordion_item title=\"\u00bfQui\u00e9n est\u00e1 detr\u00e1s de Multiverse Budokai?\" open=\"on\" open_toggle_text_color=\"#FFFFFF\" open_toggle_background_color=\"#000000\" closed_toggle_text_color=\"#000000\" closed_toggle_background_color=\"#FFFFFF\" icon_color=\"#000000\" toggle_icon=\"&#x33;||divi||400\" use_icon_font_size=\"on\" icon_font_size=\"25px\" open_icon_color=\"#000000\" open_use_icon_font_size=\"on\" open_icon_font_size=\"25px\" _builder_version=\"4.21.0\" _module_preset=\"default\" body_font=\"Century Gothic Paneuropean Regular|500|||||||\" body_text_align=\"center\" body_font_size=\"25px\" text_orientation=\"center\" custom_margin=\"||||false|false\" custom_padding=\"||||false|false\" body_font_size_tablet=\"25px\" body_font_size_phone=\"18px\" body_font_size_last_edited=\"on|phone\" border_width_all=\"0px\" global_colors_info=\"{}\" toggle_text_color=\"#000000\" toggle_font=\"Century Gothic Paneuropean Regular|700||on|||||\" toggle_text_align=\"center\" toggle_font_size=\"36px\" toggle_line_height=\"1em\" closed_toggle_font=\"Century Gothic Paneuropean Regular|700||on|||||\" closed_toggle_text_align=\"center\" closed_toggle_font_size=\"36px\" toggle_font_size_tablet=\"20px\" toggle_font_size_phone=\"18px\" toggle_font_size_last_edited=\"on|phone\" closed_toggle_font_size_tablet=\"20px\" closed_toggle_font_size_phone=\"18px\" closed_toggle_font_size_last_edited=\"on|tablet\" theme_builder_area=\"post_content\"]<\/p>\n<p>Somos <strong>Fanimotion<\/strong>, una asociacion sin animo de lucro de Barcelona (Espa\u00f1a) integrada por artistas de todo el mundo, cuyo primer proyecto es animar el comic fan de <strong>Salagir<\/strong>\u00a0<a href=\"https:\/\/www.dragonball-multiverse.com\"><em>DB Multiverse<\/em><\/a>.<\/p>\n<p>[\/et_pb_accordion_item][et_pb_accordion_item title=\"\u00bfQu\u00e9 es DB Multiverse?\" open_toggle_text_color=\"#FFFFFF\" open_toggle_background_color=\"#000000\" closed_toggle_text_color=\"#000000\" closed_toggle_background_color=\"#FFFFFF\" icon_color=\"#000000\" toggle_icon=\"&#x33;||divi||400\" use_icon_font_size=\"on\" icon_font_size=\"25px\" open_icon_color=\"#000000\" open_use_icon_font_size=\"on\" open_icon_font_size=\"25px\" _builder_version=\"4.21.0\" _module_preset=\"default\" body_font=\"Century Gothic Paneuropean Regular|500|||||||\" body_text_align=\"center\" body_text_color=\"#FFFFFF\" body_font_size=\"25px\" text_orientation=\"center\" custom_margin=\"||||false|false\" custom_padding=\"||||false|false\" body_font_size_tablet=\"25px\" body_font_size_phone=\"18px\" body_font_size_last_edited=\"on|phone\" border_width_all=\"0px\" global_colors_info=\"{}\" toggle_text_color=\"#000000\" toggle_font=\"Century Gothic Paneuropean Regular|700||on|||||\" toggle_text_align=\"center\" toggle_font_size=\"36px\" closed_toggle_font=\"Century Gothic Paneuropean Regular||||||||\" closed_toggle_text_align=\"center\" closed_toggle_font_size=\"36px\" toggle_font_size_tablet=\"20px\" toggle_font_size_phone=\"18px\" toggle_font_size_last_edited=\"on|tablet\" closed_toggle_font_size_tablet=\"20px\" closed_toggle_font_size_phone=\"18px\" closed_toggle_font_size_last_edited=\"on|tablet\" theme_builder_area=\"post_content\" open=\"off\"]<\/p>\n<p><strong>DB Multiverse<\/strong> (DBM) es un fan comic de DB que contin\u00faa la historia original del maestro Toriyama tal cual se acab\u00f3 en DBZ, obviando la historia de GT y lo nuevo de Super.<\/p>\n<p>[\/et_pb_accordion_item][et_pb_accordion_item title=\"\u00bfCu\u00e1ndo sale el cap\u00edtulo 1?\" open_toggle_text_color=\"#FFFFFF\" open_toggle_background_color=\"#000000\" closed_toggle_text_color=\"#000000\" closed_toggle_background_color=\"#FFFFFF\" icon_color=\"#000000\" toggle_icon=\"&#x33;||divi||400\" use_icon_font_size=\"on\" icon_font_size=\"25px\" open_icon_color=\"#000000\" open_use_icon_font_size=\"on\" open_icon_font_size=\"25px\" _builder_version=\"4.21.0\" _module_preset=\"default\" body_font=\"Century Gothic Paneuropean Regular|500|||||||\" body_text_align=\"center\" body_text_color=\"#FFFFFF\" body_font_size=\"25px\" text_orientation=\"center\" custom_margin=\"||||false|false\" custom_padding=\"||||false|false\" body_font_size_tablet=\"25px\" body_font_size_phone=\"18px\" body_font_size_last_edited=\"on|phone\" border_width_all=\"0px\" global_colors_info=\"{}\" toggle_text_color=\"#000000\" toggle_font=\"Century Gothic Paneuropean Regular|700||on|||||\" toggle_text_align=\"center\" toggle_font_size=\"36px\" closed_toggle_font=\"Century Gothic Paneuropean Regular|700|||||||\" closed_toggle_text_align=\"center\" closed_toggle_font_size=\"36px\" toggle_font_size_tablet=\"20px\" toggle_font_size_phone=\"18px\" toggle_font_size_last_edited=\"on|tablet\" closed_toggle_font_size_tablet=\"20px\" closed_toggle_font_size_phone=\"18px\" closed_toggle_font_size_last_edited=\"on|tablet\" theme_builder_area=\"post_content\" open=\"off\"]<\/p>\n<p>Actualmente estamos trabajando en el opening, por lo que al Cap\u00edtulo 1 todav\u00eda le faltar\u00eda bastante tiempo.<\/p>\n<p>A\u00fan as\u00ed, nuestro equipo de guionistas ya est\u00e1n trabajando en los primeros 3 cap\u00edtulos.<\/p>\n<p>[\/et_pb_accordion_item][et_pb_accordion_item title=\"\u00bfEstar\u00e1 disponible en mi idioma? \" open_toggle_text_color=\"#FFFFFF\" open_toggle_background_color=\"#000000\" closed_toggle_text_color=\"#000000\" closed_toggle_background_color=\"#FFFFFF\" icon_color=\"#000000\" toggle_icon=\"&#x33;||divi||400\" use_icon_font_size=\"on\" icon_font_size=\"25px\" open_icon_color=\"#000000\" open_use_icon_font_size=\"on\" open_icon_font_size=\"25px\" _builder_version=\"4.21.0\" _module_preset=\"default\" body_font=\"Century Gothic Paneuropean Regular|500|||||||\" body_text_color=\"#FFFFFF\" body_font_size=\"25px\" text_orientation=\"center\" custom_margin=\"||||false|false\" custom_padding=\"||||false|false\" body_font_size_tablet=\"25px\" body_font_size_phone=\"18px\" body_font_size_last_edited=\"on|phone\" global_colors_info=\"{}\" toggle_text_color=\"#000000\" toggle_font=\"Century Gothic Paneuropean Regular|700||on|||||\" toggle_text_align=\"center\" toggle_font_size=\"36px\" closed_toggle_font=\"Century Gothic Paneuropean Regular|700|||||||\" closed_toggle_text_align=\"center\" closed_toggle_font_size=\"36px\" toggle_font_size_tablet=\"20px\" toggle_font_size_phone=\"18px\" toggle_font_size_last_edited=\"on|tablet\" closed_toggle_font_size_tablet=\"20px\" closed_toggle_font_size_phone=\"18px\" closed_toggle_font_size_last_edited=\"on|tablet\" theme_builder_area=\"post_content\" open=\"off\"]<\/p>\n<p>Ojal\u00e1 podamos conseguir dobladores para que pueda ser disfrutado en la mayor cantidad de idiomas posibles.<\/p>\n<p>No obstante, nuestra intenci\u00f3n es que, como m\u00ednimo, est\u00e9 doblado en Castellano (Espa\u00f1a), Espa\u00f1ol Latino, Ingl\u00e9s, Portugu\u00e9s de Brasil, Franc\u00e9s y Japon\u00e9s.<\/p>\n<p>[\/et_pb_accordion_item][et_pb_accordion_item title=\"\u00bfC\u00f3mo se realiza la Animaci\u00f3n?\" open_toggle_text_color=\"#FFFFFF\" open_toggle_background_color=\"#000000\" closed_toggle_text_color=\"#000000\" closed_toggle_background_color=\"#FFFFFF\" icon_color=\"#000000\" toggle_icon=\"&#x33;||divi||400\" use_icon_font_size=\"on\" icon_font_size=\"25px\" open_icon_color=\"#000000\" open_use_icon_font_size=\"on\" open_icon_font_size=\"25px\" _builder_version=\"4.21.0\" _module_preset=\"default\" body_font=\"Century Gothic Paneuropean Regular|500|||||||\" body_text_align=\"center\" body_text_color=\"#FFFFFF\" body_font_size=\"25px\" text_orientation=\"center\" custom_margin=\"||||false|false\" custom_padding=\"||||false|false\" body_font_size_tablet=\"25px\" body_font_size_phone=\"18px\" body_font_size_last_edited=\"on|phone\" global_colors_info=\"{}\" toggle_text_color=\"#000000\" toggle_font=\"Century Gothic Paneuropean Regular|700||on|||||\" toggle_text_align=\"center\" toggle_font_size=\"36px\" closed_toggle_font=\"Century Gothic Paneuropean Regular|700|||||||\" closed_toggle_text_align=\"center\" closed_toggle_font_size=\"36px\" toggle_font_size_tablet=\"20px\" toggle_font_size_phone=\"18px\" toggle_font_size_last_edited=\"on|tablet\" closed_toggle_font_size_tablet=\"20px\" closed_toggle_font_size_phone=\"18px\" closed_toggle_font_size_last_edited=\"on|tablet\" theme_builder_area=\"post_content\" open=\"off\"]<\/p>\n<p>Realizamos Animaci\u00f3n Tradicional 2D con t\u00e9cnicas Digitales.<\/p>\n<table style=\"width: 100%; height: 231px; font-size: 90%; margin-left: auto; margin-right: auto;\" border=\"0px\">\n<tbody>\n<tr style=\"height: 19px;\">\n<td style=\"width: 125px; height: 19px;\"><strong>Para hacer....<\/strong><\/td>\n<td style=\"width: 115px; height: 19px;\"><strong>... Utilizamos<\/strong><\/td>\n<\/tr>\n<tr style=\"height: 57px;\">\n<td style=\"width: 125px; height: 57px;\">StoryBoards<\/td>\n<td style=\"width: 115px; height: 57px;\">Photoshop y Blender<\/td>\n<\/tr>\n<tr style=\"height: 57px;\">\n<td style=\"width: 125px; height: 57px;\">Keyframes<\/td>\n<td style=\"width: 115px; height: 57px;\">Clip Studio Paint y Toon Boom Harmony<\/td>\n<\/tr>\n<tr style=\"height: 57px;\">\n<td style=\"width: 125px; height: 57px;\">Intercalados<\/td>\n<td style=\"width: 115px; height: 57px;\">Clip Studio Paint y Toon Boom Harmony<\/td>\n<\/tr>\n<tr style=\"height: 19px;\">\n<td style=\"width: 125px; height: 19px;\">CleanUp<\/td>\n<td style=\"width: 115px; height: 19px;\">Toon Boon Harmony<\/td>\n<\/tr>\n<tr style=\"height: 20px;\">\n<td style=\"width: 125px; height: 20px;\">Color<\/td>\n<td style=\"width: 115px; height: 20px;\">Toon Boon Harmony<\/td>\n<\/tr>\n<tr style=\"height: 19px;\">\n<td style=\"width: 125px; height: 19px;\">3D<\/td>\n<td style=\"width: 115px; height: 19px;\">Blender<\/td>\n<\/tr>\n<\/tbody>\n<\/table>\n<p>&nbsp;<\/p>\n<p>[\/et_pb_accordion_item][et_pb_accordion_item title=\"S\u00e9 animar\/ilustrar. \u00bfpuedo entrar en el proyecto?\" open_toggle_text_color=\"#FFFFFF\" open_toggle_background_color=\"#000000\" closed_toggle_text_color=\"#000000\" closed_toggle_background_color=\"#FFFFFF\" icon_color=\"#000000\" toggle_icon=\"&#x33;||divi||400\" use_icon_font_size=\"on\" icon_font_size=\"25px\" open_icon_color=\"#000000\" open_use_icon_font_size=\"on\" open_icon_font_size=\"25px\" _builder_version=\"4.21.0\" _module_preset=\"default\" body_font=\"Century Gothic Paneuropean Regular|500|||||||\" body_text_align=\"center\" body_font_size=\"25px\" text_orientation=\"center\" custom_margin=\"||||false|false\" custom_padding=\"||||false|false\" body_font_size_tablet=\"25px\" body_font_size_phone=\"18px\" body_font_size_last_edited=\"on|phone\" global_colors_info=\"{}\" toggle_text_color=\"#000000\" toggle_font=\"Century Gothic Paneuropean Regular|700||on|||||\" toggle_text_align=\"center\" toggle_font_size=\"36px\" closed_toggle_font=\"Century Gothic Paneuropean Regular|700|||||||\" closed_toggle_text_align=\"center\" closed_toggle_font_size=\"36px\" toggle_font_size_tablet=\"20px\" toggle_font_size_phone=\"18px\" toggle_font_size_last_edited=\"on|tablet\" closed_toggle_font_size_tablet=\"20px\" closed_toggle_font_size_phone=\"18px\" closed_toggle_font_size_last_edited=\"on|tablet\" theme_builder_area=\"post_content\" open=\"off\"]<\/p>\n<p>\u00a1Por supuesto! Rellena el formulario que encontrar\u00e1s en la secci\u00f3n <a href=\"https:\/\/multiversebudokai.net\/trabaja-con-nosotros\/\" target=\"_blank\" rel=\"noopener noreferrer\">Trabaja con Nosotros<\/a>, y si cumples con los requisitos, podr\u00e1s formar parte de nuestro proyecto.<\/p>\n<p>[\/et_pb_accordion_item][et_pb_accordion_item title=\"\u00bfNecesit\u00e1is personas para el doblaje?\" open_toggle_text_color=\"#FFFFFF\" open_toggle_background_color=\"#000000\" closed_toggle_text_color=\"#000000\" closed_toggle_background_color=\"#FFFFFF\" icon_color=\"#000000\" toggle_icon=\"&#x33;||divi||400\" use_icon_font_size=\"on\" icon_font_size=\"25px\" open_icon_color=\"#000000\" open_use_icon_font_size=\"on\" open_icon_font_size=\"25px\" _builder_version=\"4.21.0\" _module_preset=\"default\" body_font=\"Century Gothic Paneuropean Regular|500|||||||\" body_text_align=\"center\" body_font_size=\"25px\" text_orientation=\"center\" custom_margin=\"||||false|false\" custom_padding=\"||||false|false\" body_font_size_tablet=\"25px\" body_font_size_phone=\"18px\" body_font_size_last_edited=\"on|phone\" global_colors_info=\"{}\" toggle_text_color=\"#000000\" toggle_font=\"Century Gothic Paneuropean Regular|700||on|||||\" toggle_text_align=\"center\" toggle_font_size=\"36px\" closed_toggle_font=\"Century Gothic Paneuropean Regular|700|||||||\" closed_toggle_text_align=\"center\" closed_toggle_font_size=\"36px\" toggle_font_size_tablet=\"20px\" toggle_font_size_phone=\"18px\" toggle_font_size_last_edited=\"on|tablet\" closed_toggle_font_size_tablet=\"20px\" closed_toggle_font_size_phone=\"18px\" closed_toggle_font_size_last_edited=\"on|tablet\" theme_builder_area=\"post_content\" open=\"off\"]<\/p>\n<p>En estos momentos no buscamos actores de doblaje porque seguimos enfrascados con el opening.<\/p>\n<p>Tenemos varios ofrecimientos y cuando sea necesario solicitaremos ayuda para cubrir la mayor cantidad de idiomas posibles.<\/p>\n<p>[\/et_pb_accordion_item][et_pb_accordion_item title=\"\u00bfNo os preocupa infringir el copyright de toei animation?\" open_toggle_text_color=\"#FFFFFF\" open_toggle_background_color=\"#000000\" closed_toggle_text_color=\"#000000\" closed_toggle_background_color=\"#FFFFFF\" icon_color=\"#000000\" toggle_icon=\"&#x33;||divi||400\" use_icon_font_size=\"on\" icon_font_size=\"25px\" open_icon_color=\"#000000\" open_use_icon_font_size=\"on\" open_icon_font_size=\"25px\" _builder_version=\"4.21.0\" _module_preset=\"default\" body_font=\"Century Gothic Paneuropean Regular|500|||||||\" body_text_align=\"center\" body_text_color=\"#FFFFFF\" body_font_size=\"25px\" text_orientation=\"center\" custom_margin=\"||||false|false\" custom_padding=\"||||false|false\" body_font_size_tablet=\"25px\" body_font_size_phone=\"18px\" body_font_size_last_edited=\"on|phone\" global_colors_info=\"{}\" toggle_text_color=\"#000000\" toggle_font=\"Century Gothic Paneuropean Regular|700||on|||||\" toggle_text_align=\"center\" toggle_font_size=\"36px\" closed_toggle_font=\"Century Gothic Paneuropean Regular|700|||||||\" closed_toggle_text_align=\"center\" closed_toggle_font_size=\"36px\" toggle_font_size_tablet=\"20px\" toggle_font_size_phone=\"18px\" toggle_font_size_last_edited=\"on|tablet\" closed_toggle_font_size_tablet=\"20px\" closed_toggle_font_size_phone=\"18px\" closed_toggle_font_size_last_edited=\"on|tablet\" theme_builder_area=\"post_content\" open=\"off\"]<\/p>\n<p>Este proyecto es de fans y para fans, no tiene \u00e1nimo de lucro, por lo que no nos reporta ning\u00fan beneficio econ\u00f3mico.<\/p>\n<p>[\/et_pb_accordion_item][\/et_pb_accordion][\/et_pb_column][\/et_pb_row][et_pb_row _builder_version=\"4.21.0\" _module_preset=\"default\" global_colors_info=\"{}\" theme_builder_area=\"post_content\"][et_pb_column type=\"4_4\" _builder_version=\"4.21.0\" _module_preset=\"default\" global_colors_info=\"{}\" theme_builder_area=\"post_content\"][et_pb_code _builder_version=\"4.21.0\" _module_preset=\"default\" global_colors_info=\"{}\" theme_builder_area=\"post_content\"]<\/p>\n<style><!-- [et_pb_line_break_holder] -->  .et_pb_accordion .et_pb_toggle_open .et_pb_toggle_title {<!-- [et_pb_line_break_holder] -->    margin-bottom: 20px;<!-- [et_pb_line_break_holder] -->  }<!-- [et_pb_line_break_holder] --><\/style>\n<p>[\/et_pb_code][\/et_pb_column][\/et_pb_row][\/et_pb_section]<\/p>\n","protected":false},"excerpt":{"rendered":"<p>Somos Fanimotion, una asociacion sin animo de lucro de Barcelona (Espa\u00f1a) integrada por artistas de todo el mundo, cuyo primer proyecto es animar el comic fan de Salagir\u00a0DB Multiverse.DB Multiverse (DBM) es un fan comic de DB que contin\u00faa la historia original del maestro Toriyama tal cual se acab\u00f3 en DBZ, obviando la historia de [&hellip;]<\/p>\n","protected":false},"author":1,"featured_media":0,"parent":0,"menu_order":0,"comment_status":"closed","ping_status":"closed","template":"","meta":{"_et_pb_use_builder":"on","_et_pb_old_content":"","_et_gb_content_width":"","footnotes":""},"class_list":["post-745","page","type-page","status-publish","hentry"],"_links":{"self":[{"href":"https:\/\/multiversebudokai.net\/en\/wp-json\/wp\/v2\/pages\/745","targetHints":{"allow":["GET"]}}],"collection":[{"href":"https:\/\/multiversebudokai.net\/en\/wp-json\/wp\/v2\/pages"}],"about":[{"href":"https:\/\/multiversebudokai.net\/en\/wp-json\/wp\/v2\/types\/page"}],"author":[{"embeddable":true,"href":"https:\/\/multiversebudokai.net\/en\/wp-json\/wp\/v2\/users\/1"}],"replies":[{"embeddable":true,"href":"https:\/\/multiversebudokai.net\/en\/wp-json\/wp\/v2\/comments?post=745"}],"version-history":[{"count":20,"href":"https:\/\/multiversebudokai.net\/en\/wp-json\/wp\/v2\/pages\/745\/revisions"}],"predecessor-version":[{"id":2232,"href":"https:\/\/multiversebudokai.net\/en\/wp-json\/wp\/v2\/pages\/745\/revisions\/2232"}],"wp:attachment":[{"href":"https:\/\/multiversebudokai.net\/en\/wp-json\/wp\/v2\/media?parent=745"}],"curies":[{"name":"wp","href":"https:\/\/api.w.org\/{rel}","templated":true}]}}